{"id":3788,"date":"2026-03-18T13:31:52","date_gmt":"2026-03-18T12:31:52","guid":{"rendered":"https:\/\/sheyla.fr\/?post_type=product&#038;p=3788"},"modified":"2026-03-18T13:40:10","modified_gmt":"2026-03-18T12:40:10","slug":"oursons-de-jouvence-gummies","status":"publish","type":"product","link":"https:\/\/sheyla.fr\/?product=oursons-de-jouvence-gummies","title":{"rendered":"Oursons de Jouvence : Gummies"},"content":{"rendered":"<p>Notre gamme de gummies vitamin\u00e9s est une v\u00e9ritable source de plaisir et de bien-\u00eatre. Prenez soin de vous tout en vous faisant plaisir avec nos d\u00e9licieuses gummies cosm\u00e9tiques.<br \/>\nComme un compl\u00e9ment de douceur et de vitalit\u00e9 au quotidien.<br \/>\nUn m\u00e9lange de fruits soigneusement s\u00e9lectionn\u00e9s pour leur richesse nutritionnelle exceptionnelle :<br \/>\nDes agrumes lumineux, riches en vitamine C, pour contribuer au bon fonctionnement du syst\u00e8me immunitaire.<br \/>\nDes fruits rouges puissants, reconnus pour leur concentration en antioxydants, qui aident \u00e0 lutter contre le stress oxydatif.<br \/>\nDes fruits verts et racines comme le gingembre, pour soutenir la vitalit\u00e9 et apporter un effet tonifiant naturel.<br \/>\nChaque ingr\u00e9dient a \u00e9t\u00e9 choisi avec exigence pour cr\u00e9er une synergie naturelle, visant \u00e0 :<br \/>\nSoutenir l\u2019organisme pendant les p\u00e9riodes de fatigue<br \/>\nApporter des nutriments essentiels au quotidien<br \/>\nAccompagner le corps dans les phases de r\u00e9cup\u00e9ration et de r\u00e9mission.<br \/>\nFavoriser un sentiment global de bien-\u00eatre et d\u2019\u00e9nergie retrouv\u00e9e.<\/p>\n<p><em><strong>1 pot = 1 mois (dans l&#8217;id\u00e9e d&#8217;un mois de 30 jours et d&#8217;une prise de 2 par jour, si 1 par jour alors 1 pot = 2 mois)<\/strong><\/em><\/p>\n<h5 data-section-id=\"sa0dw1\" data-start=\"153\" data-end=\"204\">Contre-indications et pr\u00e9cautions d\u2019utilisation<\/h5>\n<h5 data-start=\"206\" data-end=\"340\">Bien que formul\u00e9es \u00e0 partir d\u2019ingr\u00e9dients naturels, ces gummies vitamin\u00e9es doivent \u00eatre consomm\u00e9es avec pr\u00e9caution <strong>dans certains cas :<\/strong><\/h5>\n<ul data-start=\"342\" data-end=\"1038\">\n<li data-section-id=\"1ne9luj\" data-start=\"342\" data-end=\"418\">\n<h5 data-start=\"344\" data-end=\"418\">D\u00e9conseill\u00e9es aux <strong data-start=\"362\" data-end=\"397\">femmes enceintes ou allaitantes<\/strong>, sauf avis m\u00e9dical<\/h5>\n<\/li>\n<li data-section-id=\"1tysif5\" data-start=\"419\" data-end=\"500\">\n<h5 data-start=\"421\" data-end=\"500\">Non recommand\u00e9es aux <strong data-start=\"442\" data-end=\"453\">enfants<\/strong> sans encadrement d\u2019un professionnel de sant\u00e9<\/h5>\n<\/li>\n<li data-section-id=\"t539l8\" data-start=\"501\" data-end=\"602\">\n<h5 data-start=\"503\" data-end=\"602\">\u00c0 \u00e9viter en cas <strong data-start=\"519\" data-end=\"540\">d\u2019allergie connue<\/strong> \u00e0 l\u2019un des ingr\u00e9dients (agrumes, fruits rouges, gingembre\u2026)<\/h5>\n<\/li>\n<li data-section-id=\"17ui3ou\" data-start=\"603\" data-end=\"771\">\n<h5 data-start=\"605\" data-end=\"771\">Les personnes sous <strong data-start=\"624\" data-end=\"646\">traitement m\u00e9dical<\/strong> (notamment anticoagulants, traitements lourds ou chimioth\u00e9rapie) doivent demander conseil \u00e0 leur m\u00e9decin avant utilisation<\/h5>\n<\/li>\n<li data-section-id=\"1oepcob\" data-start=\"772\" data-end=\"870\">\n<h5 data-start=\"774\" data-end=\"870\">D\u00e9conseill\u00e9es en cas de <strong data-start=\"798\" data-end=\"830\">troubles digestifs sensibles<\/strong> (le gingembre pouvant \u00eatre stimulant)<\/h5>\n<\/li>\n<li data-section-id=\"12ro4k1\" data-start=\"871\" data-end=\"926\">\n<h5 data-start=\"873\" data-end=\"926\">Ne pas d\u00e9passer la <strong data-start=\"892\" data-end=\"924\">dose journali\u00e8re recommand\u00e9e<\/strong><\/h5>\n<\/li>\n<li data-section-id=\"174xnon\" data-start=\"927\" data-end=\"1038\">\n<h5 data-start=\"929\" data-end=\"1038\">Les compl\u00e9ments alimentaires ne remplacent pas une alimentation vari\u00e9e et \u00e9quilibr\u00e9e ni un mode de vie sain<\/h5>\n<\/li>\n<\/ul>\n","protected":false},"excerpt":{"rendered":"<p>Notre gamme de gummies vitamin\u00e9s est une v\u00e9ritable source de plaisir et de bien-\u00eatre. Prenez soin de vous tout en vous faisant plaisir avec nos d\u00e9licieuses gummies cosm\u00e9tiques. Comme un compl\u00e9ment de douceur et de vitalit\u00e9 au quotidien. Un m\u00e9lange de fruits soigneusement s\u00e9lectionn\u00e9s pour leur richesse nutritionnelle exceptionnelle : Des agrumes lumineux, riches en [&hellip;]<\/p>\n","protected":false},"featured_media":0,"comment_status":"open","ping_status":"closed","template":"","meta":{"saved_in_kubio":false},"product_brand":[],"product_cat":[44],"product_tag":[],"class_list":{"0":"post-3788","1":"product","2":"type-product","3":"status-publish","5":"product_cat-cosmetiques","7":"first","8":"instock","9":"sale","10":"shipping-taxable","11":"purchasable","12":"product-type-simple"},"yoast_head":"<!-- This site is optimized with the Yoast SEO plugin v27.3 - https:\/\/yoast.com\/product\/yoast-seo-wordpress\/ -->\n<title>Oursons de Jouvence : Gummies - SHEYLA<\/title>\n<meta name=\"robots\" content=\"index, follow, max-snippet:-1, max-image-preview:large, max-video-preview:-1\" \/>\n<link rel=\"canonical\" href=\"https:\/\/sheyla.fr\/?product=oursons-de-jouvence-gummies\" \/>\n<meta property=\"og:locale\" content=\"fr_FR\" \/>\n<meta property=\"og:type\" content=\"article\" \/>\n<meta property=\"og:title\" content=\"Oursons de Jouvence : Gummies - SHEYLA\" \/>\n<meta property=\"og:description\" content=\"Notre gamme de gummies vitamin\u00e9s est une v\u00e9ritable source de plaisir et de bien-\u00eatre. Prenez soin de vous tout en vous faisant plaisir avec nos d\u00e9licieuses gummies cosm\u00e9tiques. Comme un compl\u00e9ment de douceur et de vitalit\u00e9 au quotidien. Un m\u00e9lange de fruits soigneusement s\u00e9lectionn\u00e9s pour leur richesse nutritionnelle exceptionnelle : Des agrumes lumineux, riches en [&hellip;]\" \/>\n<meta property=\"og:url\" content=\"https:\/\/sheyla.fr\/?product=oursons-de-jouvence-gummies\" \/>\n<meta property=\"og:site_name\" content=\"SHEYLA\" \/>\n<meta property=\"article:modified_time\" content=\"2026-03-18T12:40:10+00:00\" \/>\n<meta name=\"twitter:card\" content=\"summary_large_image\" \/>\n<meta name=\"twitter:label1\" content=\"Dur\u00e9e de lecture estim\u00e9e\" \/>\n\t<meta name=\"twitter:data1\" content=\"2 minutes\" \/>\n<script type=\"application\/ld+json\" class=\"yoast-schema-graph\">{\"@context\":\"https:\\\/\\\/schema.org\",\"@graph\":[{\"@type\":\"WebPage\",\"@id\":\"https:\\\/\\\/sheyla.fr\\\/?product=oursons-de-jouvence-gummies\",\"url\":\"https:\\\/\\\/sheyla.fr\\\/?product=oursons-de-jouvence-gummies\",\"name\":\"Oursons de Jouvence : Gummies - SHEYLA\",\"isPartOf\":{\"@id\":\"https:\\\/\\\/sheyla.fr\\\/#website\"},\"datePublished\":\"2026-03-18T12:31:52+00:00\",\"dateModified\":\"2026-03-18T12:40:10+00:00\",\"breadcrumb\":{\"@id\":\"https:\\\/\\\/sheyla.fr\\\/?product=oursons-de-jouvence-gummies#breadcrumb\"},\"inLanguage\":\"fr-FR\",\"potentialAction\":[{\"@type\":\"ReadAction\",\"target\":[\"https:\\\/\\\/sheyla.fr\\\/?product=oursons-de-jouvence-gummies\"]}]},{\"@type\":\"BreadcrumbList\",\"@id\":\"https:\\\/\\\/sheyla.fr\\\/?product=oursons-de-jouvence-gummies#breadcrumb\",\"itemListElement\":[{\"@type\":\"ListItem\",\"position\":1,\"name\":\"Accueil\",\"item\":\"https:\\\/\\\/sheyla.fr\\\/\"},{\"@type\":\"ListItem\",\"position\":2,\"name\":\"Products\",\"item\":\"https:\\\/\\\/sheyla.fr\\\/products\\\/\"},{\"@type\":\"ListItem\",\"position\":3,\"name\":\"Oursons de Jouvence : Gummies\"}]},{\"@type\":\"WebSite\",\"@id\":\"https:\\\/\\\/sheyla.fr\\\/#website\",\"url\":\"https:\\\/\\\/sheyla.fr\\\/\",\"name\":\"SHEYLA\",\"description\":\"Sheyla, met du Beau&#039;m \u00f4 coeur, sur vos corps.\",\"publisher\":{\"@id\":\"https:\\\/\\\/sheyla.fr\\\/#organization\"},\"potentialAction\":[{\"@type\":\"SearchAction\",\"target\":{\"@type\":\"EntryPoint\",\"urlTemplate\":\"https:\\\/\\\/sheyla.fr\\\/?s={search_term_string}\"},\"query-input\":{\"@type\":\"PropertyValueSpecification\",\"valueRequired\":true,\"valueName\":\"search_term_string\"}}],\"inLanguage\":\"fr-FR\"},{\"@type\":\"Organization\",\"@id\":\"https:\\\/\\\/sheyla.fr\\\/#organization\",\"name\":\"SHEYLA\",\"url\":\"https:\\\/\\\/sheyla.fr\\\/\",\"logo\":{\"@type\":\"ImageObject\",\"inLanguage\":\"fr-FR\",\"@id\":\"https:\\\/\\\/sheyla.fr\\\/#\\\/schema\\\/logo\\\/image\\\/\",\"url\":\"https:\\\/\\\/sheyla.fr\\\/wp-content\\\/uploads\\\/2026\\\/03\\\/Black_and_White_Minimalist_Professional_Initial_Logo__6_-removebg-preview-1.png\",\"contentUrl\":\"https:\\\/\\\/sheyla.fr\\\/wp-content\\\/uploads\\\/2026\\\/03\\\/Black_and_White_Minimalist_Professional_Initial_Logo__6_-removebg-preview-1.png\",\"width\":500,\"height\":500,\"caption\":\"SHEYLA\"},\"image\":{\"@id\":\"https:\\\/\\\/sheyla.fr\\\/#\\\/schema\\\/logo\\\/image\\\/\"}}]}<\/script>\n<!-- \/ Yoast SEO plugin. -->","yoast_head_json":{"title":"Oursons de Jouvence : Gummies - SHEYLA","robots":{"index":"index","follow":"follow","max-snippet":"max-snippet:-1","max-image-preview":"max-image-preview:large","max-video-preview":"max-video-preview:-1"},"canonical":"https:\/\/sheyla.fr\/?product=oursons-de-jouvence-gummies","og_locale":"fr_FR","og_type":"article","og_title":"Oursons de Jouvence : Gummies - SHEYLA","og_description":"Notre gamme de gummies vitamin\u00e9s est une v\u00e9ritable source de plaisir et de bien-\u00eatre. Prenez soin de vous tout en vous faisant plaisir avec nos d\u00e9licieuses gummies cosm\u00e9tiques. Comme un compl\u00e9ment de douceur et de vitalit\u00e9 au quotidien. Un m\u00e9lange de fruits soigneusement s\u00e9lectionn\u00e9s pour leur richesse nutritionnelle exceptionnelle : Des agrumes lumineux, riches en [&hellip;]","og_url":"https:\/\/sheyla.fr\/?product=oursons-de-jouvence-gummies","og_site_name":"SHEYLA","article_modified_time":"2026-03-18T12:40:10+00:00","twitter_card":"summary_large_image","twitter_misc":{"Dur\u00e9e de lecture estim\u00e9e":"2 minutes"},"schema":{"@context":"https:\/\/schema.org","@graph":[{"@type":"WebPage","@id":"https:\/\/sheyla.fr\/?product=oursons-de-jouvence-gummies","url":"https:\/\/sheyla.fr\/?product=oursons-de-jouvence-gummies","name":"Oursons de Jouvence : Gummies - SHEYLA","isPartOf":{"@id":"https:\/\/sheyla.fr\/#website"},"datePublished":"2026-03-18T12:31:52+00:00","dateModified":"2026-03-18T12:40:10+00:00","breadcrumb":{"@id":"https:\/\/sheyla.fr\/?product=oursons-de-jouvence-gummies#breadcrumb"},"inLanguage":"fr-FR","potentialAction":[{"@type":"ReadAction","target":["https:\/\/sheyla.fr\/?product=oursons-de-jouvence-gummies"]}]},{"@type":"BreadcrumbList","@id":"https:\/\/sheyla.fr\/?product=oursons-de-jouvence-gummies#breadcrumb","itemListElement":[{"@type":"ListItem","position":1,"name":"Accueil","item":"https:\/\/sheyla.fr\/"},{"@type":"ListItem","position":2,"name":"Products","item":"https:\/\/sheyla.fr\/products\/"},{"@type":"ListItem","position":3,"name":"Oursons de Jouvence : Gummies"}]},{"@type":"WebSite","@id":"https:\/\/sheyla.fr\/#website","url":"https:\/\/sheyla.fr\/","name":"SHEYLA","description":"Sheyla, met du Beau&#039;m \u00f4 coeur, sur vos corps.","publisher":{"@id":"https:\/\/sheyla.fr\/#organization"},"potentialAction":[{"@type":"SearchAction","target":{"@type":"EntryPoint","urlTemplate":"https:\/\/sheyla.fr\/?s={search_term_string}"},"query-input":{"@type":"PropertyValueSpecification","valueRequired":true,"valueName":"search_term_string"}}],"inLanguage":"fr-FR"},{"@type":"Organization","@id":"https:\/\/sheyla.fr\/#organization","name":"SHEYLA","url":"https:\/\/sheyla.fr\/","logo":{"@type":"ImageObject","inLanguage":"fr-FR","@id":"https:\/\/sheyla.fr\/#\/schema\/logo\/image\/","url":"https:\/\/sheyla.fr\/wp-content\/uploads\/2026\/03\/Black_and_White_Minimalist_Professional_Initial_Logo__6_-removebg-preview-1.png","contentUrl":"https:\/\/sheyla.fr\/wp-content\/uploads\/2026\/03\/Black_and_White_Minimalist_Professional_Initial_Logo__6_-removebg-preview-1.png","width":500,"height":500,"caption":"SHEYLA"},"image":{"@id":"https:\/\/sheyla.fr\/#\/schema\/logo\/image\/"}}]}},"jetpack_sharing_enabled":true,"_links":{"self":[{"href":"https:\/\/sheyla.fr\/index.php?rest_route=\/wp\/v2\/product\/3788","targetHints":{"allow":["GET"]}}],"collection":[{"href":"https:\/\/sheyla.fr\/index.php?rest_route=\/wp\/v2\/product"}],"about":[{"href":"https:\/\/sheyla.fr\/index.php?rest_route=\/wp\/v2\/types\/product"}],"replies":[{"embeddable":true,"href":"https:\/\/sheyla.fr\/index.php?rest_route=%2Fwp%2Fv2%2Fcomments&post=3788"}],"wp:attachment":[{"href":"https:\/\/sheyla.fr\/index.php?rest_route=%2Fwp%2Fv2%2Fmedia&parent=3788"}],"wp:term":[{"taxonomy":"product_brand","embeddable":true,"href":"https:\/\/sheyla.fr\/index.php?rest_route=%2Fwp%2Fv2%2Fproduct_brand&post=3788"},{"taxonomy":"product_cat","embeddable":true,"href":"https:\/\/sheyla.fr\/index.php?rest_route=%2Fwp%2Fv2%2Fproduct_cat&post=3788"},{"taxonomy":"product_tag","embeddable":true,"href":"https:\/\/sheyla.fr\/index.php?rest_route=%2Fwp%2Fv2%2Fproduct_tag&post=3788"}],"curies":[{"name":"wp","href":"https:\/\/api.w.org\/{rel}","templated":true}]}}