{"id":532,"date":"2021-12-23T22:46:01","date_gmt":"2021-12-23T22:46:01","guid":{"rendered":"https:\/\/startersites.io\/blocksy\/garderobe\/?post_type=product&#038;p=532"},"modified":"2026-03-27T15:20:14","modified_gmt":"2026-03-27T14:20:14","slug":"beaumocoeur","status":"publish","type":"product","link":"https:\/\/sheyla.fr\/?product=beaumocoeur","title":{"rendered":"Beau&#8217;m \u00f4 coeur"},"content":{"rendered":"<p>Ce baume naturel est con\u00e7u pour accompagner les femmes atteintes d\u2019un cancer du sein tout au long de leur parcours. Il hydrate, prot\u00e8ge et apaise la peau fragilis\u00e9e par la chimioth\u00e9rapie, puis aide \u00e0 nourrir et att\u00e9nuer les cicatrices apr\u00e8s une ablation. Au-del\u00e0 du soin, il repr\u00e9sente un geste de r\u00e9confort, de douceur et de reconstruction, rappelant \u00e0 chaque femme sa force, sa beaut\u00e9 et sa r\u00e9silience face \u00e0 l\u2019\u00e9preuve.<\/p>\n<p data-start=\"82\" data-end=\"399\">Apr\u00e8s la cicatrisation compl\u00e8te de la plaie<strong> (et avec l\u2019accord d\u2019un professionnel de sant\u00e9)<\/strong>, pr\u00e9lever une petite quantit\u00e9 de baume et le r\u00e9chauffer entre les doigts. Appliquer d\u00e9licatement sur la cicatrice en effectuant des mouvements circulaires lents, puis de l\u00e9gers massages de lissage dans le sens de la cicatrice.<\/p>\n<p data-start=\"401\" data-end=\"745\" data-is-last-node=\"\" data-is-only-node=\"\">Ce rituel, r\u00e9alis\u00e9 1 \u00e0 2 fois par jour, permet de nourrir la\u00a0peau en profondeur, d\u2019assouplir les tissus et de favoriser une meilleure apparence de la cicatrice au fil du temps. La r\u00e9gularit\u00e9 est essentielle : plus que chercher \u00e0 effacer, il s\u2019agit d\u2019accompagner la peau dans sa r\u00e9g\u00e9n\u00e9ration et de retrouver progressivement confort et confiance.<\/p>\n<p data-start=\"401\" data-end=\"745\" data-is-last-node=\"\" data-is-only-node=\"\">\n","protected":false},"excerpt":{"rendered":"<p>Ce baume naturel est con\u00e7u pour accompagner les femmes atteintes d\u2019un cancer du sein tout au long de leur parcours. Il hydrate, prot\u00e8ge et apaise la peau fragilis\u00e9e par la chimioth\u00e9rapie, puis aide \u00e0 nourrir et att\u00e9nuer les cicatrices apr\u00e8s une ablation. Au-del\u00e0 du soin, il repr\u00e9sente un geste de r\u00e9confort, de douceur et de [&hellip;]<\/p>\n","protected":false},"featured_media":3759,"comment_status":"open","ping_status":"closed","template":"","meta":{"saved_in_kubio":false},"product_brand":[],"product_cat":[44],"product_tag":[],"class_list":{"0":"post-532","1":"product","2":"type-product","3":"status-publish","4":"has-post-thumbnail","6":"product_cat-cosmetiques","8":"first","9":"instock","10":"sale","11":"shipping-taxable","12":"purchasable","13":"product-type-simple"},"yoast_head":"<!-- This site is optimized with the Yoast SEO plugin v27.3 - https:\/\/yoast.com\/product\/yoast-seo-wordpress\/ -->\n<title>Baume cicatrice cancer du sein : Soin et r\u00e9confort - SHEYLA<\/title>\n<meta name=\"robots\" content=\"index, follow, max-snippet:-1, max-image-preview:large, max-video-preview:-1\" \/>\n<link rel=\"canonical\" href=\"https:\/\/sheyla.fr\/?product=beaumocoeur\" \/>\n<meta property=\"og:locale\" content=\"fr_FR\" \/>\n<meta property=\"og:type\" content=\"article\" \/>\n<meta property=\"og:title\" content=\"Baume cicatrice cancer du sein : Soin et r\u00e9confort - SHEYLA\" \/>\n<meta property=\"og:description\" content=\"Ce baume naturel est con\u00e7u pour accompagner les femmes atteintes d\u2019un cancer du sein tout au long de leur parcours. Il hydrate, prot\u00e8ge et apaise la peau fragilis\u00e9e par la chimioth\u00e9rapie, puis aide \u00e0 nourrir et att\u00e9nuer les cicatrices apr\u00e8s une ablation. Au-del\u00e0 du soin, il repr\u00e9sente un geste de r\u00e9confort, de douceur et de [&hellip;]\" \/>\n<meta property=\"og:url\" content=\"https:\/\/sheyla.fr\/?product=beaumocoeur\" \/>\n<meta property=\"og:site_name\" content=\"SHEYLA\" \/>\n<meta property=\"article:modified_time\" content=\"2026-03-27T14:20:14+00:00\" \/>\n<meta property=\"og:image\" content=\"https:\/\/sheyla.fr\/wp-content\/uploads\/2026\/03\/ChatGPT-Image-18-mars-2026-10_54_55.png\" \/>\n\t<meta property=\"og:image:width\" content=\"1024\" \/>\n\t<meta property=\"og:image:height\" content=\"1024\" \/>\n\t<meta property=\"og:image:type\" content=\"image\/png\" \/>\n<meta name=\"twitter:card\" content=\"summary_large_image\" \/>\n<meta name=\"twitter:label1\" content=\"Dur\u00e9e de lecture estim\u00e9e\" \/>\n\t<meta name=\"twitter:data1\" content=\"2 minutes\" \/>\n<script type=\"application\/ld+json\" class=\"yoast-schema-graph\">{\"@context\":\"https:\\\/\\\/schema.org\",\"@graph\":[{\"@type\":\"WebPage\",\"@id\":\"https:\\\/\\\/sheyla.fr\\\/?product=beaumocoeur\",\"url\":\"https:\\\/\\\/sheyla.fr\\\/?product=beaumocoeur\",\"name\":\"Baume cicatrice cancer du sein : Soin et r\u00e9confort - SHEYLA\",\"isPartOf\":{\"@id\":\"https:\\\/\\\/sheyla.fr\\\/#website\"},\"primaryImageOfPage\":{\"@id\":\"https:\\\/\\\/sheyla.fr\\\/?product=beaumocoeur#primaryimage\"},\"image\":{\"@id\":\"https:\\\/\\\/sheyla.fr\\\/?product=beaumocoeur#primaryimage\"},\"thumbnailUrl\":\"https:\\\/\\\/sheyla.fr\\\/wp-content\\\/uploads\\\/2026\\\/03\\\/ChatGPT-Image-18-mars-2026-10_54_55.png\",\"datePublished\":\"2021-12-23T22:46:01+00:00\",\"dateModified\":\"2026-03-27T14:20:14+00:00\",\"breadcrumb\":{\"@id\":\"https:\\\/\\\/sheyla.fr\\\/?product=beaumocoeur#breadcrumb\"},\"inLanguage\":\"fr-FR\",\"potentialAction\":[{\"@type\":\"ReadAction\",\"target\":[\"https:\\\/\\\/sheyla.fr\\\/?product=beaumocoeur\"]}]},{\"@type\":\"ImageObject\",\"inLanguage\":\"fr-FR\",\"@id\":\"https:\\\/\\\/sheyla.fr\\\/?product=beaumocoeur#primaryimage\",\"url\":\"https:\\\/\\\/sheyla.fr\\\/wp-content\\\/uploads\\\/2026\\\/03\\\/ChatGPT-Image-18-mars-2026-10_54_55.png\",\"contentUrl\":\"https:\\\/\\\/sheyla.fr\\\/wp-content\\\/uploads\\\/2026\\\/03\\\/ChatGPT-Image-18-mars-2026-10_54_55.png\",\"width\":1024,\"height\":1024},{\"@type\":\"BreadcrumbList\",\"@id\":\"https:\\\/\\\/sheyla.fr\\\/?product=beaumocoeur#breadcrumb\",\"itemListElement\":[{\"@type\":\"ListItem\",\"position\":1,\"name\":\"Accueil\",\"item\":\"https:\\\/\\\/sheyla.fr\\\/\"},{\"@type\":\"ListItem\",\"position\":2,\"name\":\"Products\",\"item\":\"https:\\\/\\\/sheyla.fr\\\/products\\\/\"},{\"@type\":\"ListItem\",\"position\":3,\"name\":\"Beau&#8217;m \u00f4 coeur\"}]},{\"@type\":\"WebSite\",\"@id\":\"https:\\\/\\\/sheyla.fr\\\/#website\",\"url\":\"https:\\\/\\\/sheyla.fr\\\/\",\"name\":\"SHEYLA\",\"description\":\"Sheyla, met du Beau&#039;m \u00f4 coeur, sur vos corps.\",\"publisher\":{\"@id\":\"https:\\\/\\\/sheyla.fr\\\/#organization\"},\"potentialAction\":[{\"@type\":\"SearchAction\",\"target\":{\"@type\":\"EntryPoint\",\"urlTemplate\":\"https:\\\/\\\/sheyla.fr\\\/?s={search_term_string}\"},\"query-input\":{\"@type\":\"PropertyValueSpecification\",\"valueRequired\":true,\"valueName\":\"search_term_string\"}}],\"inLanguage\":\"fr-FR\"},{\"@type\":\"Organization\",\"@id\":\"https:\\\/\\\/sheyla.fr\\\/#organization\",\"name\":\"SHEYLA\",\"url\":\"https:\\\/\\\/sheyla.fr\\\/\",\"logo\":{\"@type\":\"ImageObject\",\"inLanguage\":\"fr-FR\",\"@id\":\"https:\\\/\\\/sheyla.fr\\\/#\\\/schema\\\/logo\\\/image\\\/\",\"url\":\"https:\\\/\\\/sheyla.fr\\\/wp-content\\\/uploads\\\/2026\\\/03\\\/Black_and_White_Minimalist_Professional_Initial_Logo__6_-removebg-preview-1.png\",\"contentUrl\":\"https:\\\/\\\/sheyla.fr\\\/wp-content\\\/uploads\\\/2026\\\/03\\\/Black_and_White_Minimalist_Professional_Initial_Logo__6_-removebg-preview-1.png\",\"width\":500,\"height\":500,\"caption\":\"SHEYLA\"},\"image\":{\"@id\":\"https:\\\/\\\/sheyla.fr\\\/#\\\/schema\\\/logo\\\/image\\\/\"}}]}<\/script>\n<!-- \/ Yoast SEO plugin. -->","yoast_head_json":{"title":"Baume cicatrice cancer du sein : Soin et r\u00e9confort - SHEYLA","robots":{"index":"index","follow":"follow","max-snippet":"max-snippet:-1","max-image-preview":"max-image-preview:large","max-video-preview":"max-video-preview:-1"},"canonical":"https:\/\/sheyla.fr\/?product=beaumocoeur","og_locale":"fr_FR","og_type":"article","og_title":"Baume cicatrice cancer du sein : Soin et r\u00e9confort - SHEYLA","og_description":"Ce baume naturel est con\u00e7u pour accompagner les femmes atteintes d\u2019un cancer du sein tout au long de leur parcours. Il hydrate, prot\u00e8ge et apaise la peau fragilis\u00e9e par la chimioth\u00e9rapie, puis aide \u00e0 nourrir et att\u00e9nuer les cicatrices apr\u00e8s une ablation. Au-del\u00e0 du soin, il repr\u00e9sente un geste de r\u00e9confort, de douceur et de [&hellip;]","og_url":"https:\/\/sheyla.fr\/?product=beaumocoeur","og_site_name":"SHEYLA","article_modified_time":"2026-03-27T14:20:14+00:00","og_image":[{"width":1024,"height":1024,"url":"https:\/\/sheyla.fr\/wp-content\/uploads\/2026\/03\/ChatGPT-Image-18-mars-2026-10_54_55.png","type":"image\/png"}],"twitter_card":"summary_large_image","twitter_misc":{"Dur\u00e9e de lecture estim\u00e9e":"2 minutes"},"schema":{"@context":"https:\/\/schema.org","@graph":[{"@type":"WebPage","@id":"https:\/\/sheyla.fr\/?product=beaumocoeur","url":"https:\/\/sheyla.fr\/?product=beaumocoeur","name":"Baume cicatrice cancer du sein : Soin et r\u00e9confort - SHEYLA","isPartOf":{"@id":"https:\/\/sheyla.fr\/#website"},"primaryImageOfPage":{"@id":"https:\/\/sheyla.fr\/?product=beaumocoeur#primaryimage"},"image":{"@id":"https:\/\/sheyla.fr\/?product=beaumocoeur#primaryimage"},"thumbnailUrl":"https:\/\/sheyla.fr\/wp-content\/uploads\/2026\/03\/ChatGPT-Image-18-mars-2026-10_54_55.png","datePublished":"2021-12-23T22:46:01+00:00","dateModified":"2026-03-27T14:20:14+00:00","breadcrumb":{"@id":"https:\/\/sheyla.fr\/?product=beaumocoeur#breadcrumb"},"inLanguage":"fr-FR","potentialAction":[{"@type":"ReadAction","target":["https:\/\/sheyla.fr\/?product=beaumocoeur"]}]},{"@type":"ImageObject","inLanguage":"fr-FR","@id":"https:\/\/sheyla.fr\/?product=beaumocoeur#primaryimage","url":"https:\/\/sheyla.fr\/wp-content\/uploads\/2026\/03\/ChatGPT-Image-18-mars-2026-10_54_55.png","contentUrl":"https:\/\/sheyla.fr\/wp-content\/uploads\/2026\/03\/ChatGPT-Image-18-mars-2026-10_54_55.png","width":1024,"height":1024},{"@type":"BreadcrumbList","@id":"https:\/\/sheyla.fr\/?product=beaumocoeur#breadcrumb","itemListElement":[{"@type":"ListItem","position":1,"name":"Accueil","item":"https:\/\/sheyla.fr\/"},{"@type":"ListItem","position":2,"name":"Products","item":"https:\/\/sheyla.fr\/products\/"},{"@type":"ListItem","position":3,"name":"Beau&#8217;m \u00f4 coeur"}]},{"@type":"WebSite","@id":"https:\/\/sheyla.fr\/#website","url":"https:\/\/sheyla.fr\/","name":"SHEYLA","description":"Sheyla, met du Beau&#039;m \u00f4 coeur, sur vos corps.","publisher":{"@id":"https:\/\/sheyla.fr\/#organization"},"potentialAction":[{"@type":"SearchAction","target":{"@type":"EntryPoint","urlTemplate":"https:\/\/sheyla.fr\/?s={search_term_string}"},"query-input":{"@type":"PropertyValueSpecification","valueRequired":true,"valueName":"search_term_string"}}],"inLanguage":"fr-FR"},{"@type":"Organization","@id":"https:\/\/sheyla.fr\/#organization","name":"SHEYLA","url":"https:\/\/sheyla.fr\/","logo":{"@type":"ImageObject","inLanguage":"fr-FR","@id":"https:\/\/sheyla.fr\/#\/schema\/logo\/image\/","url":"https:\/\/sheyla.fr\/wp-content\/uploads\/2026\/03\/Black_and_White_Minimalist_Professional_Initial_Logo__6_-removebg-preview-1.png","contentUrl":"https:\/\/sheyla.fr\/wp-content\/uploads\/2026\/03\/Black_and_White_Minimalist_Professional_Initial_Logo__6_-removebg-preview-1.png","width":500,"height":500,"caption":"SHEYLA"},"image":{"@id":"https:\/\/sheyla.fr\/#\/schema\/logo\/image\/"}}]}},"jetpack_sharing_enabled":true,"_links":{"self":[{"href":"https:\/\/sheyla.fr\/index.php?rest_route=\/wp\/v2\/product\/532","targetHints":{"allow":["GET"]}}],"collection":[{"href":"https:\/\/sheyla.fr\/index.php?rest_route=\/wp\/v2\/product"}],"about":[{"href":"https:\/\/sheyla.fr\/index.php?rest_route=\/wp\/v2\/types\/product"}],"replies":[{"embeddable":true,"href":"https:\/\/sheyla.fr\/index.php?rest_route=%2Fwp%2Fv2%2Fcomments&post=532"}],"wp:featuredmedia":[{"embeddable":true,"href":"https:\/\/sheyla.fr\/index.php?rest_route=\/wp\/v2\/media\/3759"}],"wp:attachment":[{"href":"https:\/\/sheyla.fr\/index.php?rest_route=%2Fwp%2Fv2%2Fmedia&parent=532"}],"wp:term":[{"taxonomy":"product_brand","embeddable":true,"href":"https:\/\/sheyla.fr\/index.php?rest_route=%2Fwp%2Fv2%2Fproduct_brand&post=532"},{"taxonomy":"product_cat","embeddable":true,"href":"https:\/\/sheyla.fr\/index.php?rest_route=%2Fwp%2Fv2%2Fproduct_cat&post=532"},{"taxonomy":"product_tag","embeddable":true,"href":"https:\/\/sheyla.fr\/index.php?rest_route=%2Fwp%2Fv2%2Fproduct_tag&post=532"}],"curies":[{"name":"wp","href":"https:\/\/api.w.org\/{rel}","templated":true}]}}